{"id":46,"date":"2016-04-12T18:51:13","date_gmt":"2016-04-12T17:51:13","guid":{"rendered":"http:\/\/www.fri-mousse.ch\/wp\/?page_id=46"},"modified":"2024-03-09T11:45:13","modified_gmt":"2024-03-09T10:45:13","slug":"livraisons","status":"publish","type":"page","link":"https:\/\/www.fri-mousse.ch\/wp\/livraisons\/","title":{"rendered":"Livraison \u00e0 domicile"},"content":{"rendered":"\n<figure class=\"wp-block-image size-large\"><img decoding=\"async\" loading=\"lazy\" width=\"1024\" height=\"768\" src=\"https:\/\/www.fri-mousse.ch\/wp\/wp-content\/uploads\/2023\/08\/20201106_134319-1024x768.jpg\" alt=\"\" class=\"wp-image-632\" srcset=\"https:\/\/www.fri-mousse.ch\/wp\/wp-content\/uploads\/2023\/08\/20201106_134319-1024x768.jpg 1024w, https:\/\/www.fri-mousse.ch\/wp\/wp-content\/uploads\/2023\/08\/20201106_134319-300x225.jpg 300w, https:\/\/www.fri-mousse.ch\/wp\/wp-content\/uploads\/2023\/08\/20201106_134319-768x576.jpg 768w, https:\/\/www.fri-mousse.ch\/wp\/wp-content\/uploads\/2023\/08\/20201106_134319-1536x1152.jpg 1536w, https:\/\/www.fri-mousse.ch\/wp\/wp-content\/uploads\/2023\/08\/20201106_134319-2048x1536.jpg 2048w, https:\/\/www.fri-mousse.ch\/wp\/wp-content\/uploads\/2023\/08\/20201106_134319-307x230.jpg 307w\" sizes=\"(max-width: 1024px) 100vw, 1024px\" \/><\/figure>\n\n\n\n<p>Un service de livraison \u00e0 domicile simple, efficace et souriant est toujours \u00e0 votre disposition. Vous pouvez ainsi toujours avoir une Fri-Mousse sous la main pour lever le coude seul\u00b7e ou avec vos ami\u00b7e\u00b7s Alors profitez-en!<br><br>N&rsquo;h\u00e9sitez plus et cliquez sur <a href=\"https:\/\/www.fri-mousse.ch\/wp\/regles-du-jeu\"><strong>ici<\/strong><\/a>. Vous y trouverez toutes les informations n\u00e9cessaires pour passer votre commande en ligne.<br><br>Une fois les r\u00e8gles du jeu lues et assimil\u00e9es, au bas de la page, cliquez sur <a href=\"http:\/\/fri-mousse.ch\/wp\/bulletin-de-commande\/\"><strong>Bulletin de commande<\/strong><\/a>. Et l\u00e0, vous y \u00eates presque. La distance de la coupe aux l\u00e8vres s&rsquo;est en tout cas bien r\u00e9duite.<\/p>\n","protected":false},"excerpt":{"rendered":"<p>Un service de livraison \u00e0 domicile simple, efficace et souriant est toujours \u00e0 votre disposition. Vous pouvez ainsi toujours avoir une Fri-Mousse sous la main pour lever le coude seul\u00b7e ou avec vos ami\u00b7e\u00b7s Alors profitez-en! N&rsquo;h\u00e9sitez plus et cliquez sur ici. Vous y trouverez toutes les informations n\u00e9cessaires pour passer votre commande en ligne. [&hellip;]<\/p>\n","protected":false},"author":1,"featured_media":0,"parent":0,"menu_order":0,"comment_status":"closed","ping_status":"closed","template":"","meta":{"ngg_post_thumbnail":0},"_links":{"self":[{"href":"https:\/\/www.fri-mousse.ch\/wp\/wp-json\/wp\/v2\/pages\/46"}],"collection":[{"href":"https:\/\/www.fri-mousse.ch\/wp\/wp-json\/wp\/v2\/pages"}],"about":[{"href":"https:\/\/www.fri-mousse.ch\/wp\/wp-json\/wp\/v2\/types\/page"}],"author":[{"embeddable":true,"href":"https:\/\/www.fri-mousse.ch\/wp\/wp-json\/wp\/v2\/users\/1"}],"replies":[{"embeddable":true,"href":"https:\/\/www.fri-mousse.ch\/wp\/wp-json\/wp\/v2\/comments?post=46"}],"version-history":[{"count":11,"href":"https:\/\/www.fri-mousse.ch\/wp\/wp-json\/wp\/v2\/pages\/46\/revisions"}],"predecessor-version":[{"id":668,"href":"https:\/\/www.fri-mousse.ch\/wp\/wp-json\/wp\/v2\/pages\/46\/revisions\/668"}],"wp:attachment":[{"href":"https:\/\/www.fri-mousse.ch\/wp\/wp-json\/wp\/v2\/media?parent=46"}],"curies":[{"name":"wp","href":"https:\/\/api.w.org\/{rel}","templated":true}]}}