{"id":263,"date":"2020-02-29T16:33:07","date_gmt":"2020-02-29T15:33:07","guid":{"rendered":"http:\/\/www.fri-mousse.ch\/wp\/?page_id=263"},"modified":"2020-11-07T14:03:59","modified_gmt":"2020-11-07T13:03:59","slug":"la-bolze","status":"publish","type":"page","link":"https:\/\/www.fri-mousse.ch\/wp\/la-bolze\/","title":{"rendered":"La Bolze"},"content":{"rendered":"\n<div class=\"wp-block-media-text alignwide\"><figure class=\"wp-block-media-text__media\"><img decoding=\"async\" loading=\"lazy\" width=\"576\" height=\"1024\" src=\"https:\/\/www.fri-mousse.ch\/wp\/wp-content\/uploads\/2020\/11\/bolze-576x1024.jpg\" alt=\"\" class=\"wp-image-446\" srcset=\"https:\/\/www.fri-mousse.ch\/wp\/wp-content\/uploads\/2020\/11\/bolze-576x1024.jpg 576w, https:\/\/www.fri-mousse.ch\/wp\/wp-content\/uploads\/2020\/11\/bolze-169x300.jpg 169w, https:\/\/www.fri-mousse.ch\/wp\/wp-content\/uploads\/2020\/11\/bolze-768x1365.jpg 768w, https:\/\/www.fri-mousse.ch\/wp\/wp-content\/uploads\/2020\/11\/bolze-864x1536.jpg 864w, https:\/\/www.fri-mousse.ch\/wp\/wp-content\/uploads\/2020\/11\/bolze-1152x2048.jpg 1152w, https:\/\/www.fri-mousse.ch\/wp\/wp-content\/uploads\/2020\/11\/bolze-129x230.jpg 129w, https:\/\/www.fri-mousse.ch\/wp\/wp-content\/uploads\/2020\/11\/bolze-scaled.jpg 1440w\" sizes=\"(max-width: 576px) 100vw, 576px\" \/><\/figure><div class=\"wp-block-media-text__content\">\n<p>Bi\u00e8re ambr\u00e9e de type Pale Ale. La douceur malt\u00e9e se r\u00e9v\u00e8le avec discr\u00e9tion. L&rsquo;amertume est franche et \u00e9quilibr\u00e9e. Un parfum d&rsquo;agrume se manifeste tant au nez qu&rsquo;en bouche. S&rsquo;il ne fallait retenir qu&rsquo;un mot pour la qualifier, il serait harmonie.<\/p>\n\n\n\n<p>Cette bi\u00e8re est disponible toute l&rsquo;ann\u00e9e en bouteille et au f\u00fbt.<\/p>\n\n\n\n<p>5,3% vol.<\/p>\n<\/div><\/div>\n","protected":false},"excerpt":{"rendered":"<p>Bi\u00e8re ambr\u00e9e de type Pale Ale. La douceur malt\u00e9e se r\u00e9v\u00e8le avec discr\u00e9tion. L&rsquo;amertume est franche et \u00e9quilibr\u00e9e. Un parfum d&rsquo;agrume se manifeste tant au nez qu&rsquo;en bouche. S&rsquo;il ne fallait retenir qu&rsquo;un mot pour la qualifier, il serait harmonie. Cette bi\u00e8re est disponible toute l&rsquo;ann\u00e9e en bouteille et au f\u00fbt. 5,3% vol.<\/p>\n","protected":false},"author":1,"featured_media":0,"parent":0,"menu_order":0,"comment_status":"closed","ping_status":"closed","template":"","meta":{"ngg_post_thumbnail":0},"_links":{"self":[{"href":"https:\/\/www.fri-mousse.ch\/wp\/wp-json\/wp\/v2\/pages\/263"}],"collection":[{"href":"https:\/\/www.fri-mousse.ch\/wp\/wp-json\/wp\/v2\/pages"}],"about":[{"href":"https:\/\/www.fri-mousse.ch\/wp\/wp-json\/wp\/v2\/types\/page"}],"author":[{"embeddable":true,"href":"https:\/\/www.fri-mousse.ch\/wp\/wp-json\/wp\/v2\/users\/1"}],"replies":[{"embeddable":true,"href":"https:\/\/www.fri-mousse.ch\/wp\/wp-json\/wp\/v2\/comments?post=263"}],"version-history":[{"count":9,"href":"https:\/\/www.fri-mousse.ch\/wp\/wp-json\/wp\/v2\/pages\/263\/revisions"}],"predecessor-version":[{"id":457,"href":"https:\/\/www.fri-mousse.ch\/wp\/wp-json\/wp\/v2\/pages\/263\/revisions\/457"}],"wp:attachment":[{"href":"https:\/\/www.fri-mousse.ch\/wp\/wp-json\/wp\/v2\/media?parent=263"}],"curies":[{"name":"wp","href":"https:\/\/api.w.org\/{rel}","templated":true}]}}